{"id":96000,"date":"2022-09-30T13:32:39","date_gmt":"2022-09-30T11:32:39","guid":{"rendered":"https:\/\/realtyreplace.com\/real-estate-properties\/"},"modified":"2024-07-30T18:47:33","modified_gmt":"2024-07-30T16:47:33","slug":"real-estate-properties","status":"publish","type":"page","link":"https:\/\/realestate.buildpoint.es\/en\/real-estate-properties\/","title":{"rendered":"Real Estate Properties"},"content":{"rendered":"<div class=\"wpb-content-wrapper\"><p>[vc_row unlock_row_content=&#8221;yes&#8221; row_height_percent=&#8221;0&#8243; override_padding=&#8221;yes&#8221; h_padding=&#8221;0&#8243; top_padding=&#8221;2&#8243; bottom_padding=&#8221;2&#8243; back_color=&#8221;color-305313&#8243; overlay_alpha=&#8221;50&#8243; gutter_size=&#8221;3&#8243; column_width_percent=&#8221;100&#8243; border_color=&#8221;color-569195&#8243; border_style=&#8221;solid&#8221; shift_y=&#8221;0&#8243; z_index=&#8221;0&#8243; uncode_shortcode_id=&#8221;157409&#8243; back_color_type=&#8221;uncode-palette&#8221; css=&#8221;.vc_custom_1653938229383{border-bottom-width: 5px !important;}&#8221; border_color_type=&#8221;uncode-palette&#8221;][vc_column column_width_use_pixel=&#8221;yes&#8221; gutter_size=&#8221;3&#8243; style=&#8221;light&#8221; overlay_alpha=&#8221;50&#8243; shift_x=&#8221;0&#8243; shift_y=&#8221;0&#8243; shift_y_down=&#8221;0&#8243; z_index=&#8221;0&#8243; medium_width=&#8221;0&#8243; mobile_width=&#8221;0&#8243; css_animation=&#8221;bottom-t-top&#8221; animation_delay=&#8221;100&#8243; width=&#8221;1\/1&#8243; uncode_shortcode_id=&#8221;150638&#8243; column_width_pixel=&#8221;1280&#8243;][uncode_block id=&#8221;87140&#8243;][\/vc_column][\/vc_row][vc_row unlock_row_content=&#8221;yes&#8221; row_height_percent=&#8221;0&#8243; override_padding=&#8221;yes&#8221; h_padding=&#8221;0&#8243; top_padding=&#8221;2&#8243; bottom_padding=&#8221;2&#8243; back_color=&#8221;color-110859&#8243; overlay_alpha=&#8221;50&#8243; gutter_size=&#8221;3&#8243; column_width_percent=&#8221;100&#8243; border_style=&#8221;solid&#8221; shift_y=&#8221;0&#8243; z_index=&#8221;0&#8243; uncode_shortcode_id=&#8221;145303&#8243; back_color_type=&#8221;uncode-palette&#8221;][vc_column column_width_use_pixel=&#8221;yes&#8221; gutter_size=&#8221;3&#8243; overlay_alpha=&#8221;50&#8243; shift_x=&#8221;0&#8243; shift_y=&#8221;0&#8243; shift_y_down=&#8221;0&#8243; z_index=&#8221;0&#8243; medium_width=&#8221;0&#8243; mobile_width=&#8221;0&#8243; css_animation=&#8221;bottom-t-top&#8221; animation_delay=&#8221;100&#8243; uncode_shortcode_id=&#8221;170421&#8243; column_width_pixel=&#8221;1400&#8243;][vc_row_inner limit_content=&#8221;&#8221;][vc_column_inner column_width_percent=&#8221;100&#8243; align_horizontal=&#8221;align_center&#8221; gutter_size=&#8221;2&#8243; overlay_alpha=&#8221;50&#8243; shift_x=&#8221;0&#8243; shift_y=&#8221;0&#8243; shift_y_down=&#8221;0&#8243; z_index=&#8221;0&#8243; medium_width=&#8221;0&#8243; mobile_width=&#8221;0&#8243; width=&#8221;1\/1&#8243; uncode_shortcode_id=&#8221;245092&#8243;][vc_custom_heading text_color=&#8221;color-158527&#8243; heading_semantic=&#8221;h1&#8243; text_size=&#8221;h4&#8243; text_transform=&#8221;uppercase&#8221; uncode_shortcode_id=&#8221;153981&#8243; text_color_type=&#8221;uncode-palette&#8221;]List of real estate properties[\/vc_custom_heading][\/vc_column_inner][\/vc_row_inner][vc_column_text uncode_shortcode_id=&#8221;198533&#8243;]        <br>\n        <div class=\"alert with-icon alert-info\" role=\"alert\">\n            <i class=\"icon fa fa-info\"><\/i>\n            <span style=\"margin-top: 12px;margin-left: 10px;\">Sorry! No Properties Found. Try Searching Again.<\/span>\n        <\/div>\n    [\/vc_column_text][\/vc_column][\/vc_row]<\/p>\n<\/div>","protected":false},"excerpt":{"rendered":"<p>[vc_row unlock_row_content=&#8221;yes&#8221; row_height_percent=&#8221;0&#8243; override_padding=&#8221;yes&#8221; h_padding=&#8221;0&#8243; top_padding=&#8221;2&#8243; bottom_padding=&#8221;2&#8243; back_color=&#8221;color-305313&#8243; overlay_alpha=&#8221;50&#8243; gutter_size=&#8221;3&#8243; column_width_percent=&#8221;100&#8243; border_color=&#8221;color-569195&#8243; border_style=&#8221;solid&#8221; shift_y=&#8221;0&#8243; z_index=&#8221;0&#8243; uncode_shortcode_id=&#8221;157409&#8243; back_color_type=&#8221;uncode-palette&#8221; css=&#8221;.vc_custom_1653938229383{border-bottom-width: 5px !important;}&#8221; [&hellip;]<\/p>\n","protected":false},"author":1,"featured_media":87844,"parent":0,"menu_order":0,"comment_status":"closed","ping_status":"closed","template":"","meta":{"footnotes":""},"class_list":["post-96000","page","type-page","status-publish","has-post-thumbnail","hentry"],"yoast_head":"<!-- This site is optimized with the Yoast SEO plugin v23.1 - https:\/\/yoast.com\/wordpress\/plugins\/seo\/ -->\n<title>\u25b7 Real Estate Properties in Marbella - Build Point<\/title>\n<meta name=\"description\" content=\"Real estate company in Marbella. Tenemos m\u00e1s de 16,000 propiedades, residenciales, comerciales y terrenos. Obtenci\u00f3n de un permiso de residencia en Espa\u00f1a\" \/>\n<meta name=\"robots\" content=\"index, follow, max-snippet:-1, max-image-preview:large, max-video-preview:-1\" \/>\n<link rel=\"canonical\" href=\"https:\/\/realestate.buildpoint.es\/en\/real-estate-properties\/\" \/>\n<meta property=\"og:locale\" content=\"en_US\" \/>\n<meta property=\"og:type\" content=\"article\" \/>\n<meta property=\"og:title\" content=\"\u25b7 Real Estate Properties in Marbella - Build Point\" \/>\n<meta property=\"og:description\" content=\"Real estate company in Marbella. Tenemos m\u00e1s de 16,000 propiedades, residenciales, comerciales y terrenos. Obtenci\u00f3n de un permiso de residencia en Espa\u00f1a\" \/>\n<meta property=\"og:url\" content=\"https:\/\/realestate.buildpoint.es\/en\/real-estate-properties\/\" \/>\n<meta property=\"og:site_name\" content=\"Build Point -Real Estate\" \/>\n<meta property=\"article:modified_time\" content=\"2024-07-30T16:47:33+00:00\" \/>\n<meta property=\"og:image\" content=\"https:\/\/realestate.buildpoint.es\/wp-content\/uploads\/2022\/05\/villa-g185eae21b_1920.jpg\" \/>\n\t<meta property=\"og:image:width\" content=\"1920\" \/>\n\t<meta property=\"og:image:height\" content=\"1310\" \/>\n\t<meta property=\"og:image:type\" content=\"image\/jpeg\" \/>\n<meta name=\"twitter:card\" content=\"summary_large_image\" \/>\n<meta name=\"twitter:label1\" content=\"Est. reading time\" \/>\n\t<meta name=\"twitter:data1\" content=\"1 minute\" \/>\n<script type=\"application\/ld+json\" class=\"yoast-schema-graph\">{\"@context\":\"https:\/\/schema.org\",\"@graph\":[{\"@type\":\"WebPage\",\"@id\":\"https:\/\/realestate.buildpoint.es\/en\/real-estate-properties\/\",\"url\":\"https:\/\/realestate.buildpoint.es\/en\/real-estate-properties\/\",\"name\":\"\u25b7 Real Estate Properties in Marbella - Build Point\",\"isPartOf\":{\"@id\":\"https:\/\/realestate.buildpoint.es\/en\/#website\"},\"primaryImageOfPage\":{\"@id\":\"https:\/\/realestate.buildpoint.es\/en\/real-estate-properties\/#primaryimage\"},\"image\":{\"@id\":\"https:\/\/realestate.buildpoint.es\/en\/real-estate-properties\/#primaryimage\"},\"thumbnailUrl\":\"https:\/\/realestate.buildpoint.es\/wp-content\/uploads\/2022\/05\/villa-g185eae21b_1920.jpg\",\"datePublished\":\"2022-09-30T11:32:39+00:00\",\"dateModified\":\"2024-07-30T16:47:33+00:00\",\"description\":\"Real estate company in Marbella. Tenemos m\u00e1s de 16,000 propiedades, residenciales, comerciales y terrenos. Obtenci\u00f3n de un permiso de residencia en Espa\u00f1a\",\"breadcrumb\":{\"@id\":\"https:\/\/realestate.buildpoint.es\/en\/real-estate-properties\/#breadcrumb\"},\"inLanguage\":\"en-US\",\"potentialAction\":[{\"@type\":\"ReadAction\",\"target\":[\"https:\/\/realestate.buildpoint.es\/en\/real-estate-properties\/\"]}]},{\"@type\":\"ImageObject\",\"inLanguage\":\"en-US\",\"@id\":\"https:\/\/realestate.buildpoint.es\/en\/real-estate-properties\/#primaryimage\",\"url\":\"https:\/\/realestate.buildpoint.es\/wp-content\/uploads\/2022\/05\/villa-g185eae21b_1920.jpg\",\"contentUrl\":\"https:\/\/realestate.buildpoint.es\/wp-content\/uploads\/2022\/05\/villa-g185eae21b_1920.jpg\",\"width\":1920,\"height\":1310},{\"@type\":\"BreadcrumbList\",\"@id\":\"https:\/\/realestate.buildpoint.es\/en\/real-estate-properties\/#breadcrumb\",\"itemListElement\":[{\"@type\":\"ListItem\",\"position\":1,\"name\":\"Portada\",\"item\":\"https:\/\/realestate.buildpoint.es\/en\/home\/\"},{\"@type\":\"ListItem\",\"position\":2,\"name\":\"Real Estate Properties\"}]},{\"@type\":\"WebSite\",\"@id\":\"https:\/\/realestate.buildpoint.es\/en\/#website\",\"url\":\"https:\/\/realestate.buildpoint.es\/en\/\",\"name\":\"Grupo Build Point -Real Estate\",\"description\":\"Grupo Build Point is dedicated to the development of the real estate sector in Spain, offering comprehensive services in design, construction, and legal and financial advice to create and sell high-quality properties.\",\"publisher\":{\"@id\":\"https:\/\/realestate.buildpoint.es\/en\/#organization\"},\"alternateName\":\"Build Point\",\"potentialAction\":[{\"@type\":\"SearchAction\",\"target\":{\"@type\":\"EntryPoint\",\"urlTemplate\":\"https:\/\/realestate.buildpoint.es\/en\/?s={search_term_string}\"},\"query-input\":\"required name=search_term_string\"}],\"inLanguage\":\"en-US\"},{\"@type\":\"Organization\",\"@id\":\"https:\/\/realestate.buildpoint.es\/en\/#organization\",\"name\":\"Grupo Build Point\",\"alternateName\":\"Build Point\",\"url\":\"https:\/\/realestate.buildpoint.es\/en\/\",\"logo\":{\"@type\":\"ImageObject\",\"inLanguage\":\"en-US\",\"@id\":\"https:\/\/realestate.buildpoint.es\/en\/#\/schema\/logo\/image\/\",\"url\":\"https:\/\/realestate.buildpoint.es\/wp-content\/uploads\/2024\/07\/Build-Point-696x696-min-scaled.jpg\",\"contentUrl\":\"https:\/\/realestate.buildpoint.es\/wp-content\/uploads\/2024\/07\/Build-Point-696x696-min-scaled.jpg\",\"width\":2560,\"height\":2560,\"caption\":\"Grupo Build Point\"},\"image\":{\"@id\":\"https:\/\/realestate.buildpoint.es\/en\/#\/schema\/logo\/image\/\"}}]}<\/script>\n<!-- \/ Yoast SEO plugin. -->","yoast_head_json":{"title":"\u25b7 Real Estate Properties in Marbella - Build Point","description":"Real estate company in Marbella. Tenemos m\u00e1s de 16,000 propiedades, residenciales, comerciales y terrenos. Obtenci\u00f3n de un permiso de residencia en Espa\u00f1a","robots":{"index":"index","follow":"follow","max-snippet":"max-snippet:-1","max-image-preview":"max-image-preview:large","max-video-preview":"max-video-preview:-1"},"canonical":"https:\/\/realestate.buildpoint.es\/en\/real-estate-properties\/","og_locale":"en_US","og_type":"article","og_title":"\u25b7 Real Estate Properties in Marbella - Build Point","og_description":"Real estate company in Marbella. Tenemos m\u00e1s de 16,000 propiedades, residenciales, comerciales y terrenos. Obtenci\u00f3n de un permiso de residencia en Espa\u00f1a","og_url":"https:\/\/realestate.buildpoint.es\/en\/real-estate-properties\/","og_site_name":"Build Point -Real Estate","article_modified_time":"2024-07-30T16:47:33+00:00","og_image":[{"width":1920,"height":1310,"url":"https:\/\/realestate.buildpoint.es\/wp-content\/uploads\/2022\/05\/villa-g185eae21b_1920.jpg","type":"image\/jpeg"}],"twitter_card":"summary_large_image","twitter_misc":{"Est. reading time":"1 minute"},"schema":{"@context":"https:\/\/schema.org","@graph":[{"@type":"WebPage","@id":"https:\/\/realestate.buildpoint.es\/en\/real-estate-properties\/","url":"https:\/\/realestate.buildpoint.es\/en\/real-estate-properties\/","name":"\u25b7 Real Estate Properties in Marbella - Build Point","isPartOf":{"@id":"https:\/\/realestate.buildpoint.es\/en\/#website"},"primaryImageOfPage":{"@id":"https:\/\/realestate.buildpoint.es\/en\/real-estate-properties\/#primaryimage"},"image":{"@id":"https:\/\/realestate.buildpoint.es\/en\/real-estate-properties\/#primaryimage"},"thumbnailUrl":"https:\/\/realestate.buildpoint.es\/wp-content\/uploads\/2022\/05\/villa-g185eae21b_1920.jpg","datePublished":"2022-09-30T11:32:39+00:00","dateModified":"2024-07-30T16:47:33+00:00","description":"Real estate company in Marbella. Tenemos m\u00e1s de 16,000 propiedades, residenciales, comerciales y terrenos. Obtenci\u00f3n de un permiso de residencia en Espa\u00f1a","breadcrumb":{"@id":"https:\/\/realestate.buildpoint.es\/en\/real-estate-properties\/#breadcrumb"},"inLanguage":"en-US","potentialAction":[{"@type":"ReadAction","target":["https:\/\/realestate.buildpoint.es\/en\/real-estate-properties\/"]}]},{"@type":"ImageObject","inLanguage":"en-US","@id":"https:\/\/realestate.buildpoint.es\/en\/real-estate-properties\/#primaryimage","url":"https:\/\/realestate.buildpoint.es\/wp-content\/uploads\/2022\/05\/villa-g185eae21b_1920.jpg","contentUrl":"https:\/\/realestate.buildpoint.es\/wp-content\/uploads\/2022\/05\/villa-g185eae21b_1920.jpg","width":1920,"height":1310},{"@type":"BreadcrumbList","@id":"https:\/\/realestate.buildpoint.es\/en\/real-estate-properties\/#breadcrumb","itemListElement":[{"@type":"ListItem","position":1,"name":"Portada","item":"https:\/\/realestate.buildpoint.es\/en\/home\/"},{"@type":"ListItem","position":2,"name":"Real Estate Properties"}]},{"@type":"WebSite","@id":"https:\/\/realestate.buildpoint.es\/en\/#website","url":"https:\/\/realestate.buildpoint.es\/en\/","name":"Grupo Build Point -Real Estate","description":"Grupo Build Point is dedicated to the development of the real estate sector in Spain, offering comprehensive services in design, construction, and legal and financial advice to create and sell high-quality properties.","publisher":{"@id":"https:\/\/realestate.buildpoint.es\/en\/#organization"},"alternateName":"Build Point","potentialAction":[{"@type":"SearchAction","target":{"@type":"EntryPoint","urlTemplate":"https:\/\/realestate.buildpoint.es\/en\/?s={search_term_string}"},"query-input":"required name=search_term_string"}],"inLanguage":"en-US"},{"@type":"Organization","@id":"https:\/\/realestate.buildpoint.es\/en\/#organization","name":"Grupo Build Point","alternateName":"Build Point","url":"https:\/\/realestate.buildpoint.es\/en\/","logo":{"@type":"ImageObject","inLanguage":"en-US","@id":"https:\/\/realestate.buildpoint.es\/en\/#\/schema\/logo\/image\/","url":"https:\/\/realestate.buildpoint.es\/wp-content\/uploads\/2024\/07\/Build-Point-696x696-min-scaled.jpg","contentUrl":"https:\/\/realestate.buildpoint.es\/wp-content\/uploads\/2024\/07\/Build-Point-696x696-min-scaled.jpg","width":2560,"height":2560,"caption":"Grupo Build Point"},"image":{"@id":"https:\/\/realestate.buildpoint.es\/en\/#\/schema\/logo\/image\/"}}]}},"_links":{"self":[{"href":"https:\/\/realestate.buildpoint.es\/en\/wp-json\/wp\/v2\/pages\/96000"}],"collection":[{"href":"https:\/\/realestate.buildpoint.es\/en\/wp-json\/wp\/v2\/pages"}],"about":[{"href":"https:\/\/realestate.buildpoint.es\/en\/wp-json\/wp\/v2\/types\/page"}],"author":[{"embeddable":true,"href":"https:\/\/realestate.buildpoint.es\/en\/wp-json\/wp\/v2\/users\/1"}],"replies":[{"embeddable":true,"href":"https:\/\/realestate.buildpoint.es\/en\/wp-json\/wp\/v2\/comments?post=96000"}],"version-history":[{"count":5,"href":"https:\/\/realestate.buildpoint.es\/en\/wp-json\/wp\/v2\/pages\/96000\/revisions"}],"predecessor-version":[{"id":135686,"href":"https:\/\/realestate.buildpoint.es\/en\/wp-json\/wp\/v2\/pages\/96000\/revisions\/135686"}],"wp:featuredmedia":[{"embeddable":true,"href":"https:\/\/realestate.buildpoint.es\/en\/wp-json\/wp\/v2\/media\/87844"}],"wp:attachment":[{"href":"https:\/\/realestate.buildpoint.es\/en\/wp-json\/wp\/v2\/media?parent=96000"}],"curies":[{"name":"wp","href":"https:\/\/api.w.org\/{rel}","templated":true}]}}