{"id":96002,"date":"2022-09-30T13:33:37","date_gmt":"2022-09-30T11:33:37","guid":{"rendered":"https:\/\/realtyreplace.com\/immobilienobjekte\/"},"modified":"2024-07-30T18:49:13","modified_gmt":"2024-07-30T16:49:13","slug":"immobilienobjekte","status":"publish","type":"page","link":"https:\/\/realestate.buildpoint.es\/de\/immobilienobjekte\/","title":{"rendered":"Immobilienobjekte"},"content":{"rendered":"<div class=\"wpb-content-wrapper\"><p>[vc_row unlock_row_content=&#8220;yes&#8220; row_height_percent=&#8220;0&#8243; override_padding=&#8220;yes&#8220; h_padding=&#8220;0&#8243; top_padding=&#8220;2&#8243; bottom_padding=&#8220;2&#8243; back_color=&#8220;color-305313&#8243; overlay_alpha=&#8220;50&#8243; gutter_size=&#8220;3&#8243; column_width_percent=&#8220;100&#8243; border_color=&#8220;color-569195&#8243; border_style=&#8220;solid&#8220; shift_y=&#8220;0&#8243; z_index=&#8220;0&#8243; uncode_shortcode_id=&#8220;157409&#8243; back_color_type=&#8220;uncode-palette&#8220; css=&#8220;.vc_custom_1653938229383{border-bottom-width: 5px !important;}&#8220; border_color_type=&#8220;uncode-palette&#8220;][vc_column column_width_use_pixel=&#8220;yes&#8220; gutter_size=&#8220;3&#8243; style=&#8220;light&#8220; overlay_alpha=&#8220;50&#8243; shift_x=&#8220;0&#8243; shift_y=&#8220;0&#8243; shift_y_down=&#8220;0&#8243; z_index=&#8220;0&#8243; medium_width=&#8220;0&#8243; mobile_width=&#8220;0&#8243; css_animation=&#8220;bottom-t-top&#8220; animation_delay=&#8220;100&#8243; width=&#8220;1\/1&#8243; uncode_shortcode_id=&#8220;150638&#8243; column_width_pixel=&#8220;1280&#8243;][uncode_block id=&#8220;87140&#8243;][\/vc_column][\/vc_row][vc_row unlock_row_content=&#8220;yes&#8220; row_height_percent=&#8220;0&#8243; override_padding=&#8220;yes&#8220; h_padding=&#8220;0&#8243; top_padding=&#8220;2&#8243; bottom_padding=&#8220;2&#8243; back_color=&#8220;color-110859&#8243; overlay_alpha=&#8220;50&#8243; gutter_size=&#8220;3&#8243; column_width_percent=&#8220;100&#8243; border_style=&#8220;solid&#8220; shift_y=&#8220;0&#8243; z_index=&#8220;0&#8243; uncode_shortcode_id=&#8220;145303&#8243; back_color_type=&#8220;uncode-palette&#8220;][vc_column column_width_use_pixel=&#8220;yes&#8220; gutter_size=&#8220;3&#8243; overlay_alpha=&#8220;50&#8243; shift_x=&#8220;0&#8243; shift_y=&#8220;0&#8243; shift_y_down=&#8220;0&#8243; z_index=&#8220;0&#8243; medium_width=&#8220;0&#8243; mobile_width=&#8220;0&#8243; css_animation=&#8220;bottom-t-top&#8220; animation_delay=&#8220;100&#8243; uncode_shortcode_id=&#8220;170421&#8243; column_width_pixel=&#8220;1400&#8243;][vc_row_inner limit_content=&#8220;&#8220;][vc_column_inner column_width_percent=&#8220;100&#8243; align_horizontal=&#8220;align_center&#8220; gutter_size=&#8220;2&#8243; overlay_alpha=&#8220;50&#8243; shift_x=&#8220;0&#8243; shift_y=&#8220;0&#8243; shift_y_down=&#8220;0&#8243; z_index=&#8220;0&#8243; medium_width=&#8220;0&#8243; mobile_width=&#8220;0&#8243; width=&#8220;1\/1&#8243; uncode_shortcode_id=&#8220;245092&#8243;][vc_custom_heading text_color=&#8220;color-158527&#8243; heading_semantic=&#8220;h1&#8243; text_size=&#8220;h4&#8243; text_transform=&#8220;uppercase&#8220; uncode_shortcode_id=&#8220;153981&#8243; text_color_type=&#8220;uncode-palette&#8220;]Liste der immobilienobjekte[\/vc_custom_heading][\/vc_column_inner][\/vc_row_inner][vc_column_text uncode_shortcode_id=&#8220;198533&#8243;]        <br>\n        <div class=\"alert with-icon alert-info\" role=\"alert\">\n            <i class=\"icon fa fa-info\"><\/i>\n            <span style=\"margin-top: 12px;margin-left: 10px;\">Entschuldigung! Es wurden keine Immobilien gefunden. Versuchen Sie es erneut.<\/span>\n        <\/div>\n    [\/vc_column_text][\/vc_column][\/vc_row]<\/p>\n<\/div>","protected":false},"excerpt":{"rendered":"<p>[vc_row unlock_row_content=&#8220;yes&#8220; row_height_percent=&#8220;0&#8243; override_padding=&#8220;yes&#8220; h_padding=&#8220;0&#8243; top_padding=&#8220;2&#8243; bottom_padding=&#8220;2&#8243; back_color=&#8220;color-305313&#8243; overlay_alpha=&#8220;50&#8243; gutter_size=&#8220;3&#8243; column_width_percent=&#8220;100&#8243; border_color=&#8220;color-569195&#8243; border_style=&#8220;solid&#8220; shift_y=&#8220;0&#8243; z_index=&#8220;0&#8243; uncode_shortcode_id=&#8220;157409&#8243; back_color_type=&#8220;uncode-palette&#8220; css=&#8220;.vc_custom_1653938229383{border-bottom-width: 5px !important;}&#8220; [&hellip;]<\/p>\n","protected":false},"author":1,"featured_media":87845,"parent":0,"menu_order":0,"comment_status":"closed","ping_status":"closed","template":"","meta":{"footnotes":""},"class_list":["post-96002","page","type-page","status-publish","has-post-thumbnail","hentry"],"yoast_head":"<!-- This site is optimized with the Yoast SEO plugin v23.1 - https:\/\/yoast.com\/wordpress\/plugins\/seo\/ -->\n<title>\u25b7 immobilienobjekte Marbella - Build Point<\/title>\n<meta name=\"description\" content=\"Agencia inmobiliaria en Marbella. Tenemos m\u00e1s de 16,000 propiedades, residenciales, comerciales y terrenos. Obtenci\u00f3n de un permiso de residencia en Espa\u00f1a\" \/>\n<meta name=\"robots\" content=\"index, follow, max-snippet:-1, max-image-preview:large, max-video-preview:-1\" \/>\n<link rel=\"canonical\" href=\"https:\/\/realestate.buildpoint.es\/de\/immobilienobjekte\/\" \/>\n<meta property=\"og:locale\" content=\"de_DE\" \/>\n<meta property=\"og:type\" content=\"article\" \/>\n<meta property=\"og:title\" content=\"\u25b7 immobilienobjekte Marbella - Build Point\" \/>\n<meta property=\"og:description\" content=\"Agencia inmobiliaria en Marbella. Tenemos m\u00e1s de 16,000 propiedades, residenciales, comerciales y terrenos. Obtenci\u00f3n de un permiso de residencia en Espa\u00f1a\" \/>\n<meta property=\"og:url\" content=\"https:\/\/realestate.buildpoint.es\/de\/immobilienobjekte\/\" \/>\n<meta property=\"og:site_name\" content=\"Build Point -Real Estate\" \/>\n<meta property=\"article:modified_time\" content=\"2024-07-30T16:49:13+00:00\" \/>\n<meta property=\"og:image\" content=\"https:\/\/realestate.buildpoint.es\/wp-content\/uploads\/2022\/05\/villa-g185eae21b_1920.jpg\" \/>\n\t<meta property=\"og:image:width\" content=\"1920\" \/>\n\t<meta property=\"og:image:height\" content=\"1310\" \/>\n\t<meta property=\"og:image:type\" content=\"image\/jpeg\" \/>\n<meta name=\"twitter:card\" content=\"summary_large_image\" \/>\n<meta name=\"twitter:label1\" content=\"Gesch\u00e4tzte Lesezeit\" \/>\n\t<meta name=\"twitter:data1\" content=\"1\u00a0Minute\" \/>\n<script type=\"application\/ld+json\" class=\"yoast-schema-graph\">{\"@context\":\"https:\/\/schema.org\",\"@graph\":[{\"@type\":\"WebPage\",\"@id\":\"https:\/\/realestate.buildpoint.es\/de\/immobilienobjekte\/\",\"url\":\"https:\/\/realestate.buildpoint.es\/de\/immobilienobjekte\/\",\"name\":\"\u25b7 immobilienobjekte Marbella - Build Point\",\"isPartOf\":{\"@id\":\"https:\/\/realestate.buildpoint.es\/de\/#website\"},\"primaryImageOfPage\":{\"@id\":\"https:\/\/realestate.buildpoint.es\/de\/immobilienobjekte\/#primaryimage\"},\"image\":{\"@id\":\"https:\/\/realestate.buildpoint.es\/de\/immobilienobjekte\/#primaryimage\"},\"thumbnailUrl\":\"https:\/\/realestate.buildpoint.es\/wp-content\/uploads\/2022\/05\/villa-g185eae21b_1920.jpg\",\"datePublished\":\"2022-09-30T11:33:37+00:00\",\"dateModified\":\"2024-07-30T16:49:13+00:00\",\"description\":\"Agencia inmobiliaria en Marbella. Tenemos m\u00e1s de 16,000 propiedades, residenciales, comerciales y terrenos. Obtenci\u00f3n de un permiso de residencia en Espa\u00f1a\",\"breadcrumb\":{\"@id\":\"https:\/\/realestate.buildpoint.es\/de\/immobilienobjekte\/#breadcrumb\"},\"inLanguage\":\"de\",\"potentialAction\":[{\"@type\":\"ReadAction\",\"target\":[\"https:\/\/realestate.buildpoint.es\/de\/immobilienobjekte\/\"]}]},{\"@type\":\"ImageObject\",\"inLanguage\":\"de\",\"@id\":\"https:\/\/realestate.buildpoint.es\/de\/immobilienobjekte\/#primaryimage\",\"url\":\"https:\/\/realestate.buildpoint.es\/wp-content\/uploads\/2022\/05\/villa-g185eae21b_1920.jpg\",\"contentUrl\":\"https:\/\/realestate.buildpoint.es\/wp-content\/uploads\/2022\/05\/villa-g185eae21b_1920.jpg\",\"width\":1920,\"height\":1310},{\"@type\":\"BreadcrumbList\",\"@id\":\"https:\/\/realestate.buildpoint.es\/de\/immobilienobjekte\/#breadcrumb\",\"itemListElement\":[{\"@type\":\"ListItem\",\"position\":1,\"name\":\"Portada\",\"item\":\"https:\/\/realestate.buildpoint.es\/de\/inicio\/\"},{\"@type\":\"ListItem\",\"position\":2,\"name\":\"Immobilienobjekte\"}]},{\"@type\":\"WebSite\",\"@id\":\"https:\/\/realestate.buildpoint.es\/de\/#website\",\"url\":\"https:\/\/realestate.buildpoint.es\/de\/\",\"name\":\"Grupo Build Point -Real Estate\",\"description\":\"Grupo Build Point widmet sich der Entwicklung des Immobiliensektors in Spanien und bietet umfassende Dienstleistungen in Design, Bau sowie rechtliche und finanzielle Beratung zur Schaffung und zum Verkauf von hochwertigen Immobilien.\",\"publisher\":{\"@id\":\"https:\/\/realestate.buildpoint.es\/de\/#organization\"},\"alternateName\":\"Build Point\",\"potentialAction\":[{\"@type\":\"SearchAction\",\"target\":{\"@type\":\"EntryPoint\",\"urlTemplate\":\"https:\/\/realestate.buildpoint.es\/de\/?s={search_term_string}\"},\"query-input\":\"required name=search_term_string\"}],\"inLanguage\":\"de\"},{\"@type\":\"Organization\",\"@id\":\"https:\/\/realestate.buildpoint.es\/de\/#organization\",\"name\":\"Grupo Build Point\",\"alternateName\":\"Build Point\",\"url\":\"https:\/\/realestate.buildpoint.es\/de\/\",\"logo\":{\"@type\":\"ImageObject\",\"inLanguage\":\"de\",\"@id\":\"https:\/\/realestate.buildpoint.es\/de\/#\/schema\/logo\/image\/\",\"url\":\"https:\/\/realestate.buildpoint.es\/wp-content\/uploads\/2024\/07\/Build-Point-696x696-min-scaled.jpg\",\"contentUrl\":\"https:\/\/realestate.buildpoint.es\/wp-content\/uploads\/2024\/07\/Build-Point-696x696-min-scaled.jpg\",\"width\":2560,\"height\":2560,\"caption\":\"Grupo Build Point\"},\"image\":{\"@id\":\"https:\/\/realestate.buildpoint.es\/de\/#\/schema\/logo\/image\/\"}}]}<\/script>\n<!-- \/ Yoast SEO plugin. -->","yoast_head_json":{"title":"\u25b7 immobilienobjekte Marbella - Build Point","description":"Agencia inmobiliaria en Marbella. Tenemos m\u00e1s de 16,000 propiedades, residenciales, comerciales y terrenos. Obtenci\u00f3n de un permiso de residencia en Espa\u00f1a","robots":{"index":"index","follow":"follow","max-snippet":"max-snippet:-1","max-image-preview":"max-image-preview:large","max-video-preview":"max-video-preview:-1"},"canonical":"https:\/\/realestate.buildpoint.es\/de\/immobilienobjekte\/","og_locale":"de_DE","og_type":"article","og_title":"\u25b7 immobilienobjekte Marbella - Build Point","og_description":"Agencia inmobiliaria en Marbella. Tenemos m\u00e1s de 16,000 propiedades, residenciales, comerciales y terrenos. Obtenci\u00f3n de un permiso de residencia en Espa\u00f1a","og_url":"https:\/\/realestate.buildpoint.es\/de\/immobilienobjekte\/","og_site_name":"Build Point -Real Estate","article_modified_time":"2024-07-30T16:49:13+00:00","og_image":[{"width":1920,"height":1310,"url":"https:\/\/realestate.buildpoint.es\/wp-content\/uploads\/2022\/05\/villa-g185eae21b_1920.jpg","type":"image\/jpeg"}],"twitter_card":"summary_large_image","twitter_misc":{"Gesch\u00e4tzte Lesezeit":"1\u00a0Minute"},"schema":{"@context":"https:\/\/schema.org","@graph":[{"@type":"WebPage","@id":"https:\/\/realestate.buildpoint.es\/de\/immobilienobjekte\/","url":"https:\/\/realestate.buildpoint.es\/de\/immobilienobjekte\/","name":"\u25b7 immobilienobjekte Marbella - Build Point","isPartOf":{"@id":"https:\/\/realestate.buildpoint.es\/de\/#website"},"primaryImageOfPage":{"@id":"https:\/\/realestate.buildpoint.es\/de\/immobilienobjekte\/#primaryimage"},"image":{"@id":"https:\/\/realestate.buildpoint.es\/de\/immobilienobjekte\/#primaryimage"},"thumbnailUrl":"https:\/\/realestate.buildpoint.es\/wp-content\/uploads\/2022\/05\/villa-g185eae21b_1920.jpg","datePublished":"2022-09-30T11:33:37+00:00","dateModified":"2024-07-30T16:49:13+00:00","description":"Agencia inmobiliaria en Marbella. Tenemos m\u00e1s de 16,000 propiedades, residenciales, comerciales y terrenos. Obtenci\u00f3n de un permiso de residencia en Espa\u00f1a","breadcrumb":{"@id":"https:\/\/realestate.buildpoint.es\/de\/immobilienobjekte\/#breadcrumb"},"inLanguage":"de","potentialAction":[{"@type":"ReadAction","target":["https:\/\/realestate.buildpoint.es\/de\/immobilienobjekte\/"]}]},{"@type":"ImageObject","inLanguage":"de","@id":"https:\/\/realestate.buildpoint.es\/de\/immobilienobjekte\/#primaryimage","url":"https:\/\/realestate.buildpoint.es\/wp-content\/uploads\/2022\/05\/villa-g185eae21b_1920.jpg","contentUrl":"https:\/\/realestate.buildpoint.es\/wp-content\/uploads\/2022\/05\/villa-g185eae21b_1920.jpg","width":1920,"height":1310},{"@type":"BreadcrumbList","@id":"https:\/\/realestate.buildpoint.es\/de\/immobilienobjekte\/#breadcrumb","itemListElement":[{"@type":"ListItem","position":1,"name":"Portada","item":"https:\/\/realestate.buildpoint.es\/de\/inicio\/"},{"@type":"ListItem","position":2,"name":"Immobilienobjekte"}]},{"@type":"WebSite","@id":"https:\/\/realestate.buildpoint.es\/de\/#website","url":"https:\/\/realestate.buildpoint.es\/de\/","name":"Grupo Build Point -Real Estate","description":"Grupo Build Point widmet sich der Entwicklung des Immobiliensektors in Spanien und bietet umfassende Dienstleistungen in Design, Bau sowie rechtliche und finanzielle Beratung zur Schaffung und zum Verkauf von hochwertigen Immobilien.","publisher":{"@id":"https:\/\/realestate.buildpoint.es\/de\/#organization"},"alternateName":"Build Point","potentialAction":[{"@type":"SearchAction","target":{"@type":"EntryPoint","urlTemplate":"https:\/\/realestate.buildpoint.es\/de\/?s={search_term_string}"},"query-input":"required name=search_term_string"}],"inLanguage":"de"},{"@type":"Organization","@id":"https:\/\/realestate.buildpoint.es\/de\/#organization","name":"Grupo Build Point","alternateName":"Build Point","url":"https:\/\/realestate.buildpoint.es\/de\/","logo":{"@type":"ImageObject","inLanguage":"de","@id":"https:\/\/realestate.buildpoint.es\/de\/#\/schema\/logo\/image\/","url":"https:\/\/realestate.buildpoint.es\/wp-content\/uploads\/2024\/07\/Build-Point-696x696-min-scaled.jpg","contentUrl":"https:\/\/realestate.buildpoint.es\/wp-content\/uploads\/2024\/07\/Build-Point-696x696-min-scaled.jpg","width":2560,"height":2560,"caption":"Grupo Build Point"},"image":{"@id":"https:\/\/realestate.buildpoint.es\/de\/#\/schema\/logo\/image\/"}}]}},"_links":{"self":[{"href":"https:\/\/realestate.buildpoint.es\/de\/wp-json\/wp\/v2\/pages\/96002"}],"collection":[{"href":"https:\/\/realestate.buildpoint.es\/de\/wp-json\/wp\/v2\/pages"}],"about":[{"href":"https:\/\/realestate.buildpoint.es\/de\/wp-json\/wp\/v2\/types\/page"}],"author":[{"embeddable":true,"href":"https:\/\/realestate.buildpoint.es\/de\/wp-json\/wp\/v2\/users\/1"}],"replies":[{"embeddable":true,"href":"https:\/\/realestate.buildpoint.es\/de\/wp-json\/wp\/v2\/comments?post=96002"}],"version-history":[{"count":5,"href":"https:\/\/realestate.buildpoint.es\/de\/wp-json\/wp\/v2\/pages\/96002\/revisions"}],"predecessor-version":[{"id":135688,"href":"https:\/\/realestate.buildpoint.es\/de\/wp-json\/wp\/v2\/pages\/96002\/revisions\/135688"}],"wp:featuredmedia":[{"embeddable":true,"href":"https:\/\/realestate.buildpoint.es\/de\/wp-json\/wp\/v2\/media\/87845"}],"wp:attachment":[{"href":"https:\/\/realestate.buildpoint.es\/de\/wp-json\/wp\/v2\/media?parent=96002"}],"curies":[{"name":"wp","href":"https:\/\/api.w.org\/{rel}","templated":true}]}}