{"id":95935,"date":"2022-09-30T12:28:29","date_gmt":"2022-09-30T10:28:29","guid":{"rendered":"https:\/\/realtyreplace.com\/?page_id=95935"},"modified":"2024-07-24T10:25:33","modified_gmt":"2024-07-24T08:25:33","slug":"kontakt","status":"publish","type":"page","link":"https:\/\/realestate.buildpoint.es\/de\/kontakt\/","title":{"rendered":"Kontakt"},"content":{"rendered":"<div class=\"wpb-content-wrapper\"><p>[vc_row row_height_percent=&#8220;100&#8243; override_padding=&#8220;yes&#8220; h_padding=&#8220;0&#8243; top_padding=&#8220;5&#8243; bottom_padding=&#8220;5&#8243; back_color=&#8220;color-110859&#8243; overlay_alpha=&#8220;79&#8243; gutter_size=&#8220;3&#8243; column_width_percent=&#8220;100&#8243; shift_y=&#8220;0&#8243; z_index=&#8220;0&#8243; uncode_shortcode_id=&#8220;160187&#8243; back_color_type=&#8220;uncode-palette&#8220;][vc_column column_width_use_pixel=&#8220;yes&#8220; position_vertical=&#8220;middle&#8220; gutter_size=&#8220;0&#8243; overlay_alpha=&#8220;50&#8243; shift_x=&#8220;0&#8243; shift_y=&#8220;0&#8243; shift_y_down=&#8220;0&#8243; z_index=&#8220;0&#8243; medium_width=&#8220;0&#8243; mobile_width=&#8220;0&#8243; shadow=&#8220;lg&#8220; width=&#8220;1\/1&#8243; uncode_shortcode_id=&#8220;102366&#8243; column_width_pixel=&#8220;1080&#8243;][vc_row_inner row_inner_height_percent=&#8220;0&#8243; back_color=&#8220;color-305313&#8243; overlay_alpha=&#8220;50&#8243; equal_height=&#8220;yes&#8220; gutter_size=&#8220;0&#8243; shift_y=&#8220;0&#8243; z_index=&#8220;0&#8243; limit_content=&#8220;&#8220; uncode_shortcode_id=&#8220;148904&#8243; back_color_type=&#8220;uncode-palette&#8220;][vc_column_inner column_width_percent=&#8220;100&#8243; position_vertical=&#8220;middle&#8220; gutter_size=&#8220;2&#8243; override_padding=&#8220;yes&#8220; column_padding=&#8220;2&#8243; style=&#8220;light&#8220; overlay_alpha=&#8220;50&#8243; shift_x=&#8220;0&#8243; shift_y=&#8220;0&#8243; shift_y_down=&#8220;0&#8243; z_index=&#8220;0&#8243; medium_width=&#8220;0&#8243; mobile_width=&#8220;0&#8243; width=&#8220;1\/2&#8243; uncode_shortcode_id=&#8220;875598&#8243;][vc_custom_heading heading_semantic=&#8220;h3&#8243; text_size=&#8220;fontsize-134120&#8243; uncode_shortcode_id=&#8220;203781&#8243;]Kontakt-Formular[\/vc_custom_heading][vc_column_text uncode_shortcode_id=&#8220;317692&#8243;]Ben\u00f6tigen Sie weitere Informationen? F\u00fcllen Sie das folgende Formular aus und wir werden uns so schnell wie m\u00f6glich mit Ihnen in Verbindung setzen:[\/vc_column_text]\n<div class=\"wpcf7 no-js\" id=\"wpcf7-f96020-o1\" lang=\"de-DE\" dir=\"ltr\">\n<div class=\"screen-reader-response\"><p role=\"status\" aria-live=\"polite\" aria-atomic=\"true\"><\/p> <ul><\/ul><\/div>\n<form action=\"\/de\/wp-json\/wp\/v2\/pages\/95935#wpcf7-f96020-o1\" method=\"post\" class=\"wpcf7-form init input-background form-no-labels\" aria-label=\"Kontaktformular\" novalidate=\"novalidate\" data-status=\"init\">\n<div style=\"display: none;\">\n<input type=\"hidden\" name=\"_wpcf7\" value=\"96020\" \/>\n<input type=\"hidden\" name=\"_wpcf7_version\" value=\"5.9.8\" \/>\n<input type=\"hidden\" name=\"_wpcf7_locale\" value=\"de_DE\" \/>\n<input type=\"hidden\" name=\"_wpcf7_unit_tag\" value=\"wpcf7-f96020-o1\" \/>\n<input type=\"hidden\" name=\"_wpcf7_container_post\" value=\"0\" \/>\n<input type=\"hidden\" name=\"_wpcf7_posted_data_hash\" value=\"\" \/>\n<input type=\"hidden\" name=\"_wpcf7_recaptcha_response\" value=\"\" \/>\n<\/div>\n<div class=\"wpcf7-inline-wrapper\">\n\t<p class=\"wpcf7-inline-field\"><span class=\"wpcf7-form-control-wrap\" data-name=\"your-firstname\"><input size=\"40\" maxlength=\"400\" class=\"wpcf7-form-control wpcf7-text wpcf7-validates-as-required\" aria-required=\"true\" aria-invalid=\"false\" placeholder=\"Name*\" value=\"\" type=\"text\" name=\"your-firstname\" \/><\/span>\n\t<\/p>\n<\/div>\n<div class=\"wpcf7-inline-wrapper\">\n\t<p class=\"wpcf7-inline-field\"><span class=\"wpcf7-form-control-wrap\" data-name=\"your-email\"><input size=\"40\" maxlength=\"400\" class=\"wpcf7-form-control wpcf7-email wpcf7-validates-as-required wpcf7-text wpcf7-validates-as-email\" aria-required=\"true\" aria-invalid=\"false\" placeholder=\"E-mail*\" value=\"\" type=\"email\" name=\"your-email\" \/><\/span>\n\t<\/p>\n\t<p class=\"wpcf7-inline-field\"><span class=\"wpcf7-form-control-wrap\" data-name=\"your-phone\"><input size=\"40\" maxlength=\"400\" class=\"wpcf7-form-control wpcf7-text\" aria-invalid=\"false\" placeholder=\"Telefon\" value=\"\" type=\"text\" name=\"your-phone\" \/><\/span>\n\t<\/p>\n<\/div>\n<p><span class=\"wpcf7-form-control-wrap\" data-name=\"your-message\"><textarea cols=\"40\" rows=\"5\" maxlength=\"2000\" class=\"wpcf7-form-control wpcf7-textarea\" aria-invalid=\"false\" placeholder=\"Beschreiben Sie Ihre Anfrage\" name=\"your-message\"><\/textarea><\/span>\n<\/p>\n<p><input class=\"wpcf7-form-control wpcf7-submit has-spinner btn btn-accent btn-lg btn-block btn-custom-typo font-175345 font-weight-400 btn-text-skin text-initial no-letterspace\" type=\"submit\" value=\"Nachricht senden\" \/>\n<\/p>\n<div class=\"wpcf7-inline-wrapper\">\n\t<p<span class=\"wpcf7-form-control-wrap\" data-name=\"your-consent\"><span class=\"wpcf7-form-control wpcf7-acceptance\"><span class=\"wpcf7-list-item\"><label><input type=\"checkbox\" name=\"your-consent\" value=\"1\" aria-invalid=\"false\" \/><span class=\"wpcf7-list-item-label\">Ich habe die gelesen und akzeptiere sie <a href=\"https:\/\/realestate.buildpoint.es\/de\/datenschutzbestimmungen\/\"target=\"_blank\" rel=\"nofollow\"> (Datenschutzbestimmungen)<\/a><\/span><\/label><\/span><\/span><\/span>\n\t<\/p<placeholder:inline>\n<\/div><div class=\"wpcf7-response-output\" aria-hidden=\"true\"><\/div>\n<\/form>\n<\/div>\n[\/vc_column_inner][vc_column_inner column_width_percent=&#8220;100&#8243; gutter_size=&#8220;3&#8243; back_image=&#8220;86673&#8243; overlay_alpha=&#8220;50&#8243; shift_x=&#8220;0&#8243; shift_y=&#8220;0&#8243; shift_y_down=&#8220;0&#8243; z_index=&#8220;0&#8243; medium_visibility=&#8220;yes&#8220; medium_width=&#8220;0&#8243; mobile_visibility=&#8220;yes&#8220; mobile_width=&#8220;0&#8243; width=&#8220;1\/2&#8243; uncode_shortcode_id=&#8220;191733&#8243;][\/vc_column_inner][\/vc_row_inner][\/vc_column][\/vc_row][vc_row row_height_percent=&#8220;0&#8243; override_padding=&#8220;yes&#8220; h_padding=&#8220;2&#8243; top_padding=&#8220;2&#8243; bottom_padding=&#8220;5&#8243; overlay_alpha=&#8220;50&#8243; gutter_size=&#8220;3&#8243; column_width_percent=&#8220;100&#8243; shift_y=&#8220;0&#8243; z_index=&#8220;0&#8243; uncode_shortcode_id=&#8220;409135&#8243;][vc_column column_width_percent=&#8220;100&#8243; align_horizontal=&#8220;align_center&#8220; gutter_size=&#8220;3&#8243; overlay_alpha=&#8220;50&#8243; shift_x=&#8220;0&#8243; shift_y=&#8220;0&#8243; shift_y_down=&#8220;0&#8243; z_index=&#8220;0&#8243; medium_width=&#8220;0&#8243; mobile_width=&#8220;0&#8243; width=&#8220;1\/1&#8243;][vc_row_inner row_inner_height_percent=&#8220;0&#8243; overlay_alpha=&#8220;50&#8243; gutter_size=&#8220;3&#8243; shift_y=&#8220;0&#8243; z_index=&#8220;0&#8243; limit_content=&#8220;&#8220; uncode_shortcode_id=&#8220;196129&#8243;][vc_column_inner column_width_use_pixel=&#8220;yes&#8220; align_horizontal=&#8220;align_center&#8220; gutter_size=&#8220;2&#8243; overlay_alpha=&#8220;50&#8243; shift_x=&#8220;0&#8243; shift_y=&#8220;0&#8243; shift_y_down=&#8220;0&#8243; z_index=&#8220;0&#8243; medium_width=&#8220;0&#8243; mobile_width=&#8220;0&#8243; width=&#8220;1\/1&#8243; column_width_pixel=&#8220;1000&#8243; uncode_shortcode_id=&#8220;476134&#8243;][vc_single_image media=&#8220;135448&#8243; media_width_percent=&#8220;100&#8243; alignment=&#8220;center&#8220; uncode_shortcode_id=&#8220;517212&#8243;][vc_custom_heading heading_semantic=&#8220;h3&#8243; sub_lead=&#8220;yes&#8220; sub_reduced=&#8220;yes&#8220; subheading=&#8220;Unser Team von Fachleuten wird Ihren Fall analysieren und Sie w\u00e4hrend des gesamten Verfahrens unterst\u00fctzen und beraten.<br \/>\nWir beraten Sie \u00fcber alles, was Sie f\u00fcr den Erwerb einer Immobilie an der Costa del Sol ben\u00f6tigen.&#8220; uncode_shortcode_id=&#8220;129291&#8243; text_color_type=&#8220;uncode-palette&#8220; text_color_solid=&#8220;#ff0000&#8243;]Immobilien Unternehmen BUILD POINT[\/vc_custom_heading][\/vc_column_inner][\/vc_row_inner][vc_row_inner limit_content=&#8220;&#8220;][vc_column_inner column_width_percent=&#8220;100&#8243; align_horizontal=&#8220;align_center&#8220; gutter_size=&#8220;3&#8243; style=&#8220;light&#8220; overlay_alpha=&#8220;50&#8243; shift_x=&#8220;0&#8243; shift_y=&#8220;0&#8243; shift_y_down=&#8220;0&#8243; z_index=&#8220;0&#8243; medium_width=&#8220;0&#8243; mobile_width=&#8220;0&#8243; width=&#8220;1\/3&#8243; uncode_shortcode_id=&#8220;141441&#8243;][vc_icon icon=&#8220;fa fa-mobile2&#8243; size=&#8220;fa-3x&#8220; text_size=&#8220;h6&#8243; title=&#8220;Tel: +34 634 199 357&#8243; uncode_shortcode_id=&#8220;705152&#8243;][\/vc_icon][\/vc_column_inner][vc_column_inner column_width_percent=&#8220;100&#8243; align_horizontal=&#8220;align_center&#8220; gutter_size=&#8220;3&#8243; style=&#8220;light&#8220; overlay_alpha=&#8220;50&#8243; shift_x=&#8220;0&#8243; shift_y=&#8220;0&#8243; shift_y_down=&#8220;0&#8243; z_index=&#8220;0&#8243; medium_width=&#8220;0&#8243; mobile_width=&#8220;0&#8243; width=&#8220;1\/3&#8243; uncode_shortcode_id=&#8220;575618&#8243;][vc_icon icon=&#8220;fa fa-envelope2&#8243; size=&#8220;fa-3x&#8220; text_size=&#8220;h6&#8243; title=&#8220;info@buildpoint.es&#8220; uncode_shortcode_id=&#8220;127244&#8243;][\/vc_icon][\/vc_column_inner][vc_column_inner column_width_percent=&#8220;100&#8243; align_horizontal=&#8220;align_center&#8220; gutter_size=&#8220;3&#8243; style=&#8220;light&#8220; overlay_alpha=&#8220;50&#8243; shift_x=&#8220;0&#8243; shift_y=&#8220;0&#8243; shift_y_down=&#8220;0&#8243; z_index=&#8220;0&#8243; medium_width=&#8220;0&#8243; mobile_width=&#8220;0&#8243; width=&#8220;1\/3&#8243; uncode_shortcode_id=&#8220;140070&#8243;][vc_icon icon=&#8220;fa fa-map-pin&#8220; size=&#8220;fa-3x&#8220; text_size=&#8220;h6&#8243; title=&#8220;Azalea Beach Las Pepinas, n340 km 173. 29660 Nueva Andaluc\u00eda&#8220; uncode_shortcode_id=&#8220;702444&#8243;][\/vc_icon][\/vc_column_inner][\/vc_row_inner][vc_empty_space empty_h=&#8220;0&#8243;][\/vc_column][\/vc_row]<\/p>\n<\/div>","protected":false},"excerpt":{"rendered":"<p>[vc_row row_height_percent=&#8220;100&#8243; override_padding=&#8220;yes&#8220; h_padding=&#8220;0&#8243; top_padding=&#8220;5&#8243; bottom_padding=&#8220;5&#8243; back_color=&#8220;color-110859&#8243; overlay_alpha=&#8220;79&#8243; gutter_size=&#8220;3&#8243; column_width_percent=&#8220;100&#8243; shift_y=&#8220;0&#8243; z_index=&#8220;0&#8243; uncode_shortcode_id=&#8220;160187&#8243; back_color_type=&#8220;uncode-palette&#8220;][vc_column column_width_use_pixel=&#8220;yes&#8220; position_vertical=&#8220;middle&#8220; gutter_size=&#8220;0&#8243; overlay_alpha=&#8220;50&#8243; shift_x=&#8220;0&#8243; shift_y=&#8220;0&#8243; [&hellip;]<\/p>\n","protected":false},"author":18,"featured_media":87831,"parent":0,"menu_order":0,"comment_status":"closed","ping_status":"closed","template":"","meta":{"footnotes":""},"class_list":["post-95935","page","type-page","status-publish","has-post-thumbnail","hentry"],"yoast_head":"<!-- This site is optimized with the Yoast SEO plugin v23.1 - https:\/\/yoast.com\/wordpress\/plugins\/seo\/ -->\n<title>\u25b7 Kontaktieren Sie Build Point - Immobilienagentur Marbella<\/title>\n<meta name=\"description\" content=\"Bitte f\u00fcllen Sie das Kontaktformular aus oder senden Sie eine E-Mail an info@buildpoint.es. Wir werden uns so schnell wie m\u00f6glich mit Ihnen in Verbindung setzen.\" \/>\n<meta name=\"robots\" content=\"index, follow, max-snippet:-1, max-image-preview:large, max-video-preview:-1\" \/>\n<link rel=\"canonical\" href=\"https:\/\/realestate.buildpoint.es\/de\/kontakt\/\" \/>\n<meta property=\"og:locale\" content=\"de_DE\" \/>\n<meta property=\"og:type\" content=\"article\" \/>\n<meta property=\"og:title\" content=\"\u25b7 Kontaktieren Sie Build Point - Immobilienagentur Marbella\" \/>\n<meta property=\"og:description\" content=\"Bitte f\u00fcllen Sie das Kontaktformular aus oder senden Sie eine E-Mail an info@buildpoint.es. Wir werden uns so schnell wie m\u00f6glich mit Ihnen in Verbindung setzen.\" \/>\n<meta property=\"og:url\" content=\"https:\/\/realestate.buildpoint.es\/de\/kontakt\/\" \/>\n<meta property=\"og:site_name\" content=\"Build Point -Real Estate\" \/>\n<meta property=\"article:modified_time\" content=\"2024-07-24T08:25:33+00:00\" \/>\n<meta property=\"og:image\" content=\"https:\/\/realestate.buildpoint.es\/wp-content\/uploads\/2022\/05\/Realty-Replace-Inmobiliaria.jpg\" \/>\n\t<meta property=\"og:image:width\" content=\"1920\" \/>\n\t<meta property=\"og:image:height\" content=\"1280\" \/>\n\t<meta property=\"og:image:type\" content=\"image\/jpeg\" \/>\n<meta name=\"twitter:card\" content=\"summary_large_image\" \/>\n<meta name=\"twitter:label1\" content=\"Gesch\u00e4tzte Lesezeit\" \/>\n\t<meta name=\"twitter:data1\" content=\"2\u00a0Minuten\" \/>\n<script type=\"application\/ld+json\" class=\"yoast-schema-graph\">{\"@context\":\"https:\/\/schema.org\",\"@graph\":[{\"@type\":\"WebPage\",\"@id\":\"https:\/\/realestate.buildpoint.es\/de\/kontakt\/\",\"url\":\"https:\/\/realestate.buildpoint.es\/de\/kontakt\/\",\"name\":\"\u25b7 Kontaktieren Sie Build Point - Immobilienagentur Marbella\",\"isPartOf\":{\"@id\":\"https:\/\/realestate.buildpoint.es\/de\/#website\"},\"primaryImageOfPage\":{\"@id\":\"https:\/\/realestate.buildpoint.es\/de\/kontakt\/#primaryimage\"},\"image\":{\"@id\":\"https:\/\/realestate.buildpoint.es\/de\/kontakt\/#primaryimage\"},\"thumbnailUrl\":\"https:\/\/realestate.buildpoint.es\/wp-content\/uploads\/2022\/05\/Realty-Replace-Inmobiliaria.jpg\",\"datePublished\":\"2022-09-30T10:28:29+00:00\",\"dateModified\":\"2024-07-24T08:25:33+00:00\",\"description\":\"Bitte f\u00fcllen Sie das Kontaktformular aus oder senden Sie eine E-Mail an info@buildpoint.es. Wir werden uns so schnell wie m\u00f6glich mit Ihnen in Verbindung setzen.\",\"breadcrumb\":{\"@id\":\"https:\/\/realestate.buildpoint.es\/de\/kontakt\/#breadcrumb\"},\"inLanguage\":\"de\",\"potentialAction\":[{\"@type\":\"ReadAction\",\"target\":[\"https:\/\/realestate.buildpoint.es\/de\/kontakt\/\"]}]},{\"@type\":\"ImageObject\",\"inLanguage\":\"de\",\"@id\":\"https:\/\/realestate.buildpoint.es\/de\/kontakt\/#primaryimage\",\"url\":\"https:\/\/realestate.buildpoint.es\/wp-content\/uploads\/2022\/05\/Realty-Replace-Inmobiliaria.jpg\",\"contentUrl\":\"https:\/\/realestate.buildpoint.es\/wp-content\/uploads\/2022\/05\/Realty-Replace-Inmobiliaria.jpg\",\"width\":1920,\"height\":1280},{\"@type\":\"BreadcrumbList\",\"@id\":\"https:\/\/realestate.buildpoint.es\/de\/kontakt\/#breadcrumb\",\"itemListElement\":[{\"@type\":\"ListItem\",\"position\":1,\"name\":\"Portada\",\"item\":\"https:\/\/realestate.buildpoint.es\/de\/inicio\/\"},{\"@type\":\"ListItem\",\"position\":2,\"name\":\"Kontakt\"}]},{\"@type\":\"WebSite\",\"@id\":\"https:\/\/realestate.buildpoint.es\/de\/#website\",\"url\":\"https:\/\/realestate.buildpoint.es\/de\/\",\"name\":\"Grupo Build Point -Real Estate\",\"description\":\"Grupo Build Point widmet sich der Entwicklung des Immobiliensektors in Spanien und bietet umfassende Dienstleistungen in Design, Bau sowie rechtliche und finanzielle Beratung zur Schaffung und zum Verkauf von hochwertigen Immobilien.\",\"publisher\":{\"@id\":\"https:\/\/realestate.buildpoint.es\/de\/#organization\"},\"alternateName\":\"Build Point\",\"potentialAction\":[{\"@type\":\"SearchAction\",\"target\":{\"@type\":\"EntryPoint\",\"urlTemplate\":\"https:\/\/realestate.buildpoint.es\/de\/?s={search_term_string}\"},\"query-input\":\"required name=search_term_string\"}],\"inLanguage\":\"de\"},{\"@type\":\"Organization\",\"@id\":\"https:\/\/realestate.buildpoint.es\/de\/#organization\",\"name\":\"Grupo Build Point\",\"alternateName\":\"Build Point\",\"url\":\"https:\/\/realestate.buildpoint.es\/de\/\",\"logo\":{\"@type\":\"ImageObject\",\"inLanguage\":\"de\",\"@id\":\"https:\/\/realestate.buildpoint.es\/de\/#\/schema\/logo\/image\/\",\"url\":\"https:\/\/realestate.buildpoint.es\/wp-content\/uploads\/2024\/07\/Build-Point-696x696-min-scaled.jpg\",\"contentUrl\":\"https:\/\/realestate.buildpoint.es\/wp-content\/uploads\/2024\/07\/Build-Point-696x696-min-scaled.jpg\",\"width\":2560,\"height\":2560,\"caption\":\"Grupo Build Point\"},\"image\":{\"@id\":\"https:\/\/realestate.buildpoint.es\/de\/#\/schema\/logo\/image\/\"}}]}<\/script>\n<!-- \/ Yoast SEO plugin. -->","yoast_head_json":{"title":"\u25b7 Kontaktieren Sie Build Point - Immobilienagentur Marbella","description":"Bitte f\u00fcllen Sie das Kontaktformular aus oder senden Sie eine E-Mail an info@buildpoint.es. Wir werden uns so schnell wie m\u00f6glich mit Ihnen in Verbindung setzen.","robots":{"index":"index","follow":"follow","max-snippet":"max-snippet:-1","max-image-preview":"max-image-preview:large","max-video-preview":"max-video-preview:-1"},"canonical":"https:\/\/realestate.buildpoint.es\/de\/kontakt\/","og_locale":"de_DE","og_type":"article","og_title":"\u25b7 Kontaktieren Sie Build Point - Immobilienagentur Marbella","og_description":"Bitte f\u00fcllen Sie das Kontaktformular aus oder senden Sie eine E-Mail an info@buildpoint.es. Wir werden uns so schnell wie m\u00f6glich mit Ihnen in Verbindung setzen.","og_url":"https:\/\/realestate.buildpoint.es\/de\/kontakt\/","og_site_name":"Build Point -Real Estate","article_modified_time":"2024-07-24T08:25:33+00:00","og_image":[{"width":1920,"height":1280,"url":"https:\/\/realestate.buildpoint.es\/wp-content\/uploads\/2022\/05\/Realty-Replace-Inmobiliaria.jpg","type":"image\/jpeg"}],"twitter_card":"summary_large_image","twitter_misc":{"Gesch\u00e4tzte Lesezeit":"2\u00a0Minuten"},"schema":{"@context":"https:\/\/schema.org","@graph":[{"@type":"WebPage","@id":"https:\/\/realestate.buildpoint.es\/de\/kontakt\/","url":"https:\/\/realestate.buildpoint.es\/de\/kontakt\/","name":"\u25b7 Kontaktieren Sie Build Point - Immobilienagentur Marbella","isPartOf":{"@id":"https:\/\/realestate.buildpoint.es\/de\/#website"},"primaryImageOfPage":{"@id":"https:\/\/realestate.buildpoint.es\/de\/kontakt\/#primaryimage"},"image":{"@id":"https:\/\/realestate.buildpoint.es\/de\/kontakt\/#primaryimage"},"thumbnailUrl":"https:\/\/realestate.buildpoint.es\/wp-content\/uploads\/2022\/05\/Realty-Replace-Inmobiliaria.jpg","datePublished":"2022-09-30T10:28:29+00:00","dateModified":"2024-07-24T08:25:33+00:00","description":"Bitte f\u00fcllen Sie das Kontaktformular aus oder senden Sie eine E-Mail an info@buildpoint.es. Wir werden uns so schnell wie m\u00f6glich mit Ihnen in Verbindung setzen.","breadcrumb":{"@id":"https:\/\/realestate.buildpoint.es\/de\/kontakt\/#breadcrumb"},"inLanguage":"de","potentialAction":[{"@type":"ReadAction","target":["https:\/\/realestate.buildpoint.es\/de\/kontakt\/"]}]},{"@type":"ImageObject","inLanguage":"de","@id":"https:\/\/realestate.buildpoint.es\/de\/kontakt\/#primaryimage","url":"https:\/\/realestate.buildpoint.es\/wp-content\/uploads\/2022\/05\/Realty-Replace-Inmobiliaria.jpg","contentUrl":"https:\/\/realestate.buildpoint.es\/wp-content\/uploads\/2022\/05\/Realty-Replace-Inmobiliaria.jpg","width":1920,"height":1280},{"@type":"BreadcrumbList","@id":"https:\/\/realestate.buildpoint.es\/de\/kontakt\/#breadcrumb","itemListElement":[{"@type":"ListItem","position":1,"name":"Portada","item":"https:\/\/realestate.buildpoint.es\/de\/inicio\/"},{"@type":"ListItem","position":2,"name":"Kontakt"}]},{"@type":"WebSite","@id":"https:\/\/realestate.buildpoint.es\/de\/#website","url":"https:\/\/realestate.buildpoint.es\/de\/","name":"Grupo Build Point -Real Estate","description":"Grupo Build Point widmet sich der Entwicklung des Immobiliensektors in Spanien und bietet umfassende Dienstleistungen in Design, Bau sowie rechtliche und finanzielle Beratung zur Schaffung und zum Verkauf von hochwertigen Immobilien.","publisher":{"@id":"https:\/\/realestate.buildpoint.es\/de\/#organization"},"alternateName":"Build Point","potentialAction":[{"@type":"SearchAction","target":{"@type":"EntryPoint","urlTemplate":"https:\/\/realestate.buildpoint.es\/de\/?s={search_term_string}"},"query-input":"required name=search_term_string"}],"inLanguage":"de"},{"@type":"Organization","@id":"https:\/\/realestate.buildpoint.es\/de\/#organization","name":"Grupo Build Point","alternateName":"Build Point","url":"https:\/\/realestate.buildpoint.es\/de\/","logo":{"@type":"ImageObject","inLanguage":"de","@id":"https:\/\/realestate.buildpoint.es\/de\/#\/schema\/logo\/image\/","url":"https:\/\/realestate.buildpoint.es\/wp-content\/uploads\/2024\/07\/Build-Point-696x696-min-scaled.jpg","contentUrl":"https:\/\/realestate.buildpoint.es\/wp-content\/uploads\/2024\/07\/Build-Point-696x696-min-scaled.jpg","width":2560,"height":2560,"caption":"Grupo Build Point"},"image":{"@id":"https:\/\/realestate.buildpoint.es\/de\/#\/schema\/logo\/image\/"}}]}},"_links":{"self":[{"href":"https:\/\/realestate.buildpoint.es\/de\/wp-json\/wp\/v2\/pages\/95935"}],"collection":[{"href":"https:\/\/realestate.buildpoint.es\/de\/wp-json\/wp\/v2\/pages"}],"about":[{"href":"https:\/\/realestate.buildpoint.es\/de\/wp-json\/wp\/v2\/types\/page"}],"author":[{"embeddable":true,"href":"https:\/\/realestate.buildpoint.es\/de\/wp-json\/wp\/v2\/users\/18"}],"replies":[{"embeddable":true,"href":"https:\/\/realestate.buildpoint.es\/de\/wp-json\/wp\/v2\/comments?post=95935"}],"version-history":[{"count":6,"href":"https:\/\/realestate.buildpoint.es\/de\/wp-json\/wp\/v2\/pages\/95935\/revisions"}],"predecessor-version":[{"id":135521,"href":"https:\/\/realestate.buildpoint.es\/de\/wp-json\/wp\/v2\/pages\/95935\/revisions\/135521"}],"wp:featuredmedia":[{"embeddable":true,"href":"https:\/\/realestate.buildpoint.es\/de\/wp-json\/wp\/v2\/media\/87831"}],"wp:attachment":[{"href":"https:\/\/realestate.buildpoint.es\/de\/wp-json\/wp\/v2\/media?parent=95935"}],"curies":[{"name":"wp","href":"https:\/\/api.w.org\/{rel}","templated":true}]}}