{"id":95918,"date":"2022-09-30T12:07:29","date_gmt":"2022-09-30T10:07:29","guid":{"rendered":"https:\/\/realtyreplace.com\/datenschutzbestimmungen\/"},"modified":"2024-07-31T12:51:56","modified_gmt":"2024-07-31T10:51:56","slug":"datenschutzbestimmungen","status":"publish","type":"page","link":"https:\/\/realestate.buildpoint.es\/de\/datenschutzbestimmungen\/","title":{"rendered":"Datenschutzbestimmungen"},"content":{"rendered":"<p style=\"text-align: justify;\">Die vorliegende Datenschutzerkl\u00e4rung ist speziell auf die Website https:\/\/realestate.buildpoint.es\/ abgestimmt und folgt den Richtlinien der geltenden Gesetzgebung.<\/p>\n<p><strong>1. F\u00fcr diese Website geltende Gesetze<\/strong><\/p>\n<p style=\"text-align: justify;\">&#8211; <a href=\"https:\/\/www.boe.es\/buscar\/act.php?id=BOE-A-2002-13758\">Gesetz 34\/2002<\/a>, vom 11. Juli \u00fcber die Dienste der Informationsgesellschaft und den elektronischen Handel (im Folgenden LSSI).<\/p>\n<p style=\"text-align: justify;\">&#8211; <a href=\"https:\/\/www.boe.es\/buscar\/doc.php?id=BOE-A-2018-16673\">Organgesetz 3\/2018<\/a>, vom 5. Dezember \u00fcber den Schutz personenbezogener Daten und die Gew\u00e4hrleistung digitaler Rechte (im Folgenden: LOPD).<\/p>\n<p style=\"text-align: justify;\">&#8211; <a href=\"https:\/\/www.boe.es\/buscar\/doc.php?id=DOUE-L-2016-80807\">Verordnung (UE) 2019\/679<\/a> des Europ\u00e4ischen Parlaments und des Rates vom 27. April 2016 zum Schutz nat\u00fcrlicher Personen bei der Verarbeitung personenbezogener Daten, zum freien Datenverkehr und zur Aufhebung der Richtlinie 95\/46\/EG (Datenschutz-Grundverordnung der Europ\u00e4ischen Union) (im Folgenden GDPR).<\/p>\n<p><strong>2. Auf dieser Website gesammelte Daten<\/strong><\/p>\n<p style=\"text-align: justify;\">Diese Website sammelt nur die Daten, die unbedingt notwendig sind, um die Aktivit\u00e4t des Dienstes auszuf\u00fchren, in \u00dcbereinstimmung mit dem Prinzip der Datenminimierung (Art. 5 b des GDPR).<\/p>\n<p style=\"text-align: justify;\">In jedem Fall handelt es sich um personenbezogene Daten (Vorname, Nachname, Telefonnummer, E-Mail-Adresse), die \u00fcber das Kontaktformular auf der Website erfasst werden, wenn der Nutzer Informationen in eines der daf\u00fcr vorgesehenen Felder eingibt. Diese Daten werden erst erhoben, wenn der Nutzer diese Datenschutzrichtlinie akzeptiert.<\/p>\n<p><strong>3. Zustimmung des Benutzers.<\/strong><\/p>\n<p style=\"text-align: justify;\">Die \u00dcbermittlung personenbezogener Daten erfolgt durch die Verwendung elektronischer Formulare im Internet. Aktivieren Sie das Kontrollk\u00e4stchen &#8222;Ich akzeptiere die Datenschutzbestimmungen&#8220; und klicken Sie, um die Daten \u00fcber das Kontaktformular zu senden. Der Nutzer erkl\u00e4rt hiermit, dass er die Datenschutzerkl\u00e4rung gelesen und ausdr\u00fccklich akzeptiert hat, und gibt seine unmissverst\u00e4ndliche und ausdr\u00fcckliche Zustimmung zur Verarbeitung seiner personenbezogenen Daten zu den angegebenen Zwecken.<\/p>\n<p style=\"text-align: justify;\">Der Nutzer best\u00e4tigt, dass er \u00fcber die erforderliche Rechtsf\u00e4higkeit verf\u00fcgt, um der Verarbeitung seiner personenbezogenen Daten gem\u00e4\u00df den Bestimmungen der vorliegenden Datenschutzrichtlinie zuzustimmen.<\/p>\n<p><strong>4. Zweck der Datenerhebung und -verwendung.<\/strong><\/p>\n<p style=\"text-align: justify;\">Die Erhebung und Verwendung der Daten erfolgt ausschlie\u00dflich zum Zweck der Bereitstellung der vom Nutzer angeforderten Informationen.<\/p>\n<p style=\"text-align: justify;\"><strong>BUILD POINT <\/strong>verpflichtet sich, die erhaltenen Daten nicht zu einem anderen Zweck zu verwenden.<\/p>\n<p style=\"text-align: justify;\">Die von Ihnen auf der Website eingegebenen Daten werden nicht an andere als die oben beschriebenen Unternehmen weitergegeben, es sei denn, dies ist gesetzlich vorgeschrieben oder um den Zweck zu erf\u00fcllen, f\u00fcr den sie bereitgestellt wurden.<\/p>\n<p><strong>5. Dauer der Datenspeicherung.<\/strong><\/p>\n<p style=\"text-align: justify;\">Die Daten werden aufbewahrt, bis der Zweck, f\u00fcr den sie erhoben wurden, erf\u00fcllt ist (Art. 5 e RGPD) oder bis das Recht auf L\u00f6schung oder \u00c4nderung der Daten ausge\u00fcbt wird. Vorausgesetzt, dies steht nicht im Widerspruch zu der Notwendigkeit, die Daten aus rechtlichen oder steuerlichen Gr\u00fcnden zu speichern.<\/p>\n<p><strong>6. Wie sch\u00fctzen wir Ihre Daten?<\/strong><\/p>\n<p>Ihre Daten werden sicher \u00fcbertragen und gespeichert, wie wir es getan haben:<\/p>\n<ul>\n<li>SSL-Verschl\u00fcsselung.<\/li>\n<li>Firewall auf Serverebene.<\/li>\n<li>Sicherheitsprotokolle zum Schutz vor unbefugtem Zugriff.<\/li>\n<li>Sicherheitskopien.<\/li>\n<\/ul>\n<p style=\"text-align: justify;\"><strong>BUILD POINT<\/strong>\u00a0kann keine vollst\u00e4ndige Sicherheit bei der Kommunikation \u00fcber das Internet gew\u00e4hrleisten, garantiert aber, angemessene Ma\u00dfnahmen zum Schutz Ihrer Daten zu ergreifen. Dar\u00fcber hinaus verpflichtet sich Realty Replace, die Vertraulichkeit der Daten zu wahren und sie nicht an unbefugte Dritte weiterzugeben oder zuzulassen.<\/p>\n<p><strong>7. Nutzerrechte in Bezug auf den Datenschutz.<\/strong><\/p>\n<p style=\"text-align: justify;\">Die geltende Gesetzgebung r\u00e4umt Ihnen bei der \u00dcbermittlung Ihrer Daten die folgenden Rechte ein:<\/p>\n<ul>\n<li style=\"text-align: justify;\"><strong>Recht auf Information<\/strong>: Sie haben das Recht, vor der Erhebung Ihrer Daten eindeutig dar\u00fcber informiert zu werden, welche Ihrer Daten verarbeitet werden, zu welchem Zweck sie verarbeitet werden, woher die Daten stammen und ob sie weitergegeben werden oder bereits weitergegeben wurden.<\/li>\n<li style=\"text-align: justify;\"><strong>Auskunftsrecht<\/strong>: zu erfahren, welche Daten \u00fcber Sie verarbeitet werden, zu welchem Zweck sie verarbeitet werden, woher die Daten stammen und ob sie weitergegeben werden oder bereits weitergegeben wurden.<\/li>\n<li style=\"text-align: justify;\"><strong>Recht auf Berichtigung<\/strong>: um Ihre unrichtigen oder unvollst\u00e4ndigen Daten zu \u00e4ndern.<\/li>\n<li style=\"text-align: justify;\"><strong>Recht auf L\u00f6schung<\/strong>: L\u00f6schung Ihrer unzureichenden oder \u00fcberm\u00e4\u00dfigen Daten.<\/li>\n<li style=\"text-align: justify;\"><strong>Widerspruchsrecht<\/strong>: Sie haben das Recht, die Verarbeitung Ihrer Daten zu verhindern oder zu stoppen, jedoch nur in den gesetzlich festgelegten F\u00e4llen.<\/li>\n<li style=\"text-align: justify;\"><strong>Recht auf Einschr\u00e4nkung der Verarbeitung<\/strong>: die Verarbeitung Ihrer Daten zu verhindern oder zu stoppen, jedoch nur in den gesetzlich vorgesehenen F\u00e4llen.<\/li>\n<li style=\"text-align: justify;\"><strong>Recht auf Daten\u00fcbertragbarkeit<\/strong>: Beantragung der Aussetzung der Datenverarbeitung in den gesetzlich festgelegten F\u00e4llen.<\/li>\n<li style=\"text-align: justify;\"><strong>Das Recht, keinen individualisierten Entscheidungen unterworfen zu werden<\/strong>: damit keine Entscheidung \u00fcber Sie getroffen wird, die allein aufgrund der Verarbeitung Ihrer Daten Rechtswirkungen entfaltet oder Sie betrifft.<\/li>\n<\/ul>\n<p style=\"text-align: justify;\">Um Ihre Rechte auszu\u00fcben, sollten Sie uns unter Angabe der Rechte, die Sie aus\u00fcben m\u00f6chten, zusammen mit einer beglaubigten Kopie Ihres Personalausweises, Reisepasses oder eines anderen Identit\u00e4tsdokuments per E-Mail an info@buildpoint.es\u00a0kontaktieren.<\/p>\n<p><strong>8. Verantwortlichkeiten.<\/strong><\/p>\n<p style=\"text-align: justify;\"><strong>BUILD POINT<\/strong> ist nicht verantwortlich f\u00fcr die Informationen und Inhalte, die in Foren, sozialen Netzwerken oder anderen Mitteln gespeichert sind, die es Dritten erm\u00f6glichen, Inhalte unabh\u00e4ngig auf der Website zu ver\u00f6ffentlichen.<\/p>\n<p style=\"text-align: justify;\">Allerdings unter Ber\u00fccksichtigung von Art. 11 und 16 des LSSI-CE verpflichtet sich XXX, solche Inhalte zur\u00fcckzuziehen oder gegebenenfalls zu sperren, die nationale oder internationale Gesetze, die Rechte Dritter oder die guten Sitten und die \u00f6ffentliche Ordnung beeintr\u00e4chtigen oder verletzen k\u00f6nnten.<\/p>\n<p style=\"text-align: justify;\">Das Unternehmen beh\u00e4lt sich das Recht vor, die auf seiner Website enthaltenen Informationen sowie deren Konfiguration oder Pr\u00e4sentation jederzeit zu aktualisieren, zu \u00e4ndern oder zu l\u00f6schen, ohne daf\u00fcr Verantwortung zu \u00fcbernehmen.<\/p>\n<p><strong>9. \u00c4nderungen an der Datenschutzrichtlinie.<\/strong><\/p>\n<p style=\"text-align: justify;\"><strong>BUILD POINT<\/strong>\u00a0beh\u00e4lt sich das Recht vor, diese Datenschutzbestimmungen zu \u00e4ndern, wobei die \u00c4nderungen in \u00dcbereinstimmung mit der geltenden spanischen Gesetzgebung erfolgen werden.<\/p>\n<p><strong>10. Google Analytics-Richtlinie.<\/strong><\/p>\n<p style=\"text-align: justify;\">Google Analytics, ein Webanalysedienst der Google Inc., einer Gesellschaft nach dem Recht des Bundesstaates Delaware mit Hauptsitz in 1600 Amphitheatre Parkway, Mountain View (Kalifornien), CA 94043, Vereinigte Staaten (&#8222;Google&#8220;). Google Analytics verwendet sog. Cookies&#8220;, Textdateien, die auf Ihrem Computer gespeichert werden und die eine Analyse der Benutzung der Website durch Sie erm\u00f6glichen. Die durch den Cookie erzeugten Informationen \u00fcber Ihre Benutzung dieser Website (einschlie\u00dflich Ihrer IP-Adresse) werden an einen Server von Google in den Vereinigten Staaten \u00fcbertragen und dort gespeichert. Google wird diese Informationen in unserem Auftrag benutzen, um Ihre Nutzung der Website auszuwerten, um Reports \u00fcber die Websiteaktivit\u00e4ten f\u00fcr die Websitebetreiber zusammenzustellen und um weitere mit der Websitenutzung und der Internetnutzung verbundene Dienstleistungen zu erbringen. Auch wird Google diese Informationen gegebenenfalls an Dritte \u00fcbertragen, sofern dies gesetzlich vorgeschrieben oder soweit Dritte diese Daten im Auftrag von Google verarbeiten. Google wird Ihre IP-Adresse nicht mit anderen von Google gespeicherten Daten in Verbindung bringen. Sie k\u00f6nnen die Verarbeitung Ihrer.<\/p>\n<p style=\"text-align: justify;\">Sie k\u00f6nnen die Installation der Cookies durch eine entsprechende Einstellung Ihrer Browser Software verhindern; wir weisen Sie jedoch darauf hin, dass Sie in diesem Fall gegebenenfalls nicht s\u00e4mtliche Funktionen dieser Website voll umf\u00e4nglich nutzen k\u00f6nnen. Durch die Nutzung dieser Website erkl\u00e4ren Sie sich mit der Bearbeitung der \u00fcber Sie erhobenen Daten durch Google in der zuvor beschriebenen Art und Weise und zu dem zuvor benannten Zweck einverstanden.<\/p>\n<p style=\"text-align: justify;\"><strong>11. Yandex-Richtlinienmetriken<\/strong><br \/>\nYandex Metrica ist ein Webanalysetool von Yandex; die meistgenutzte Suchmaschine in Russland. Es erm\u00f6glicht die Auswertung des Webverkehrs und das Lernen \u00fcber das Benutzerverhalten durch Statistiken und detaillierte Berichte. Es verwendet keine Cookies, sondern JavaScript, das, sobald es in das Web integriert ist, Treffer mit Informationen \u00fcber die auf der Website stattfindenden Interaktionen sendet. Es werden Verkehrsmessungen durchgef\u00fchrt und Besuche aufgezeichnet, um die Seite und ihren Komfort zu verbessern. Weitere Informationen zur Datenschutzerkl\u00e4rung von Yandex Metrica: https:\/\/metrica.yandex.com\/about\/info\/gdpr.<\/p>\n","protected":false},"excerpt":{"rendered":"<p>Die vorliegende Datenschutzerkl\u00e4rung ist speziell auf die Website https:\/\/realestate.buildpoint.es\/ abgestimmt und folgt den Richtlinien der geltenden Gesetzgebung. 1. F\u00fcr diese [&hellip;]<\/p>\n","protected":false},"author":1,"featured_media":135691,"parent":0,"menu_order":0,"comment_status":"closed","ping_status":"closed","template":"","meta":{"footnotes":""},"class_list":["post-95918","page","type-page","status-publish","has-post-thumbnail","hentry"],"yoast_head":"<!-- This site is optimized with the Yoast SEO plugin v23.1 - https:\/\/yoast.com\/wordpress\/plugins\/seo\/ -->\n<title>\u25b7 Datenschutzbestimmungen - Build Point -Real Estate<\/title>\n<meta name=\"robots\" content=\"noindex, nofollow\" \/>\n<meta property=\"og:locale\" content=\"de_DE\" \/>\n<meta property=\"og:type\" content=\"article\" \/>\n<meta property=\"og:title\" content=\"\u25b7 Datenschutzbestimmungen - Build Point -Real Estate\" \/>\n<meta property=\"og:description\" content=\"Die vorliegende Datenschutzerkl\u00e4rung ist speziell auf die Website https:\/\/realestate.buildpoint.es\/ abgestimmt und folgt den Richtlinien der geltenden Gesetzgebung. 1. F\u00fcr diese [&hellip;]\" \/>\n<meta property=\"og:url\" content=\"https:\/\/realestate.buildpoint.es\/de\/datenschutzbestimmungen\/\" \/>\n<meta property=\"og:site_name\" content=\"Build Point -Real Estate\" \/>\n<meta property=\"article:modified_time\" content=\"2024-07-31T10:51:56+00:00\" \/>\n<meta property=\"og:image\" content=\"https:\/\/realestate.buildpoint.es\/wp-content\/uploads\/2024\/07\/Real-Estate-Build-Point-Favicono-min.jpg\" \/>\n\t<meta property=\"og:image:width\" content=\"800\" \/>\n\t<meta property=\"og:image:height\" content=\"800\" \/>\n\t<meta property=\"og:image:type\" content=\"image\/jpeg\" \/>\n<meta name=\"twitter:card\" content=\"summary_large_image\" \/>\n<meta name=\"twitter:label1\" content=\"Gesch\u00e4tzte Lesezeit\" \/>\n\t<meta name=\"twitter:data1\" content=\"6\u00a0Minuten\" \/>\n<script type=\"application\/ld+json\" class=\"yoast-schema-graph\">{\"@context\":\"https:\/\/schema.org\",\"@graph\":[{\"@type\":\"WebPage\",\"@id\":\"https:\/\/realestate.buildpoint.es\/de\/datenschutzbestimmungen\/\",\"url\":\"https:\/\/realestate.buildpoint.es\/de\/datenschutzbestimmungen\/\",\"name\":\"\u25b7 Datenschutzbestimmungen - Build Point -Real Estate\",\"isPartOf\":{\"@id\":\"https:\/\/realestate.buildpoint.es\/de\/#website\"},\"primaryImageOfPage\":{\"@id\":\"https:\/\/realestate.buildpoint.es\/de\/datenschutzbestimmungen\/#primaryimage\"},\"image\":{\"@id\":\"https:\/\/realestate.buildpoint.es\/de\/datenschutzbestimmungen\/#primaryimage\"},\"thumbnailUrl\":\"https:\/\/realestate.buildpoint.es\/wp-content\/uploads\/2024\/07\/Real-Estate-Build-Point-Favicono-min.jpg\",\"datePublished\":\"2022-09-30T10:07:29+00:00\",\"dateModified\":\"2024-07-31T10:51:56+00:00\",\"breadcrumb\":{\"@id\":\"https:\/\/realestate.buildpoint.es\/de\/datenschutzbestimmungen\/#breadcrumb\"},\"inLanguage\":\"de\",\"potentialAction\":[{\"@type\":\"ReadAction\",\"target\":[\"https:\/\/realestate.buildpoint.es\/de\/datenschutzbestimmungen\/\"]}]},{\"@type\":\"ImageObject\",\"inLanguage\":\"de\",\"@id\":\"https:\/\/realestate.buildpoint.es\/de\/datenschutzbestimmungen\/#primaryimage\",\"url\":\"https:\/\/realestate.buildpoint.es\/wp-content\/uploads\/2024\/07\/Real-Estate-Build-Point-Favicono-min.jpg\",\"contentUrl\":\"https:\/\/realestate.buildpoint.es\/wp-content\/uploads\/2024\/07\/Real-Estate-Build-Point-Favicono-min.jpg\",\"width\":800,\"height\":800},{\"@type\":\"BreadcrumbList\",\"@id\":\"https:\/\/realestate.buildpoint.es\/de\/datenschutzbestimmungen\/#breadcrumb\",\"itemListElement\":[{\"@type\":\"ListItem\",\"position\":1,\"name\":\"Portada\",\"item\":\"https:\/\/realestate.buildpoint.es\/de\/inicio\/\"},{\"@type\":\"ListItem\",\"position\":2,\"name\":\"Datenschutzbestimmungen\"}]},{\"@type\":\"WebSite\",\"@id\":\"https:\/\/realestate.buildpoint.es\/de\/#website\",\"url\":\"https:\/\/realestate.buildpoint.es\/de\/\",\"name\":\"Grupo Build Point -Real Estate\",\"description\":\"Grupo Build Point widmet sich der Entwicklung des Immobiliensektors in Spanien und bietet umfassende Dienstleistungen in Design, Bau sowie rechtliche und finanzielle Beratung zur Schaffung und zum Verkauf von hochwertigen Immobilien.\",\"publisher\":{\"@id\":\"https:\/\/realestate.buildpoint.es\/de\/#organization\"},\"alternateName\":\"Build Point\",\"potentialAction\":[{\"@type\":\"SearchAction\",\"target\":{\"@type\":\"EntryPoint\",\"urlTemplate\":\"https:\/\/realestate.buildpoint.es\/de\/?s={search_term_string}\"},\"query-input\":\"required name=search_term_string\"}],\"inLanguage\":\"de\"},{\"@type\":\"Organization\",\"@id\":\"https:\/\/realestate.buildpoint.es\/de\/#organization\",\"name\":\"Grupo Build Point\",\"alternateName\":\"Build Point\",\"url\":\"https:\/\/realestate.buildpoint.es\/de\/\",\"logo\":{\"@type\":\"ImageObject\",\"inLanguage\":\"de\",\"@id\":\"https:\/\/realestate.buildpoint.es\/de\/#\/schema\/logo\/image\/\",\"url\":\"https:\/\/realestate.buildpoint.es\/wp-content\/uploads\/2024\/07\/Build-Point-696x696-min-scaled.jpg\",\"contentUrl\":\"https:\/\/realestate.buildpoint.es\/wp-content\/uploads\/2024\/07\/Build-Point-696x696-min-scaled.jpg\",\"width\":2560,\"height\":2560,\"caption\":\"Grupo Build Point\"},\"image\":{\"@id\":\"https:\/\/realestate.buildpoint.es\/de\/#\/schema\/logo\/image\/\"}}]}<\/script>\n<!-- \/ Yoast SEO plugin. -->","yoast_head_json":{"title":"\u25b7 Datenschutzbestimmungen - Build Point -Real Estate","robots":{"index":"noindex","follow":"nofollow"},"og_locale":"de_DE","og_type":"article","og_title":"\u25b7 Datenschutzbestimmungen - Build Point -Real Estate","og_description":"Die vorliegende Datenschutzerkl\u00e4rung ist speziell auf die Website https:\/\/realestate.buildpoint.es\/ abgestimmt und folgt den Richtlinien der geltenden Gesetzgebung. 1. F\u00fcr diese [&hellip;]","og_url":"https:\/\/realestate.buildpoint.es\/de\/datenschutzbestimmungen\/","og_site_name":"Build Point -Real Estate","article_modified_time":"2024-07-31T10:51:56+00:00","og_image":[{"width":800,"height":800,"url":"https:\/\/realestate.buildpoint.es\/wp-content\/uploads\/2024\/07\/Real-Estate-Build-Point-Favicono-min.jpg","type":"image\/jpeg"}],"twitter_card":"summary_large_image","twitter_misc":{"Gesch\u00e4tzte Lesezeit":"6\u00a0Minuten"},"schema":{"@context":"https:\/\/schema.org","@graph":[{"@type":"WebPage","@id":"https:\/\/realestate.buildpoint.es\/de\/datenschutzbestimmungen\/","url":"https:\/\/realestate.buildpoint.es\/de\/datenschutzbestimmungen\/","name":"\u25b7 Datenschutzbestimmungen - Build Point -Real Estate","isPartOf":{"@id":"https:\/\/realestate.buildpoint.es\/de\/#website"},"primaryImageOfPage":{"@id":"https:\/\/realestate.buildpoint.es\/de\/datenschutzbestimmungen\/#primaryimage"},"image":{"@id":"https:\/\/realestate.buildpoint.es\/de\/datenschutzbestimmungen\/#primaryimage"},"thumbnailUrl":"https:\/\/realestate.buildpoint.es\/wp-content\/uploads\/2024\/07\/Real-Estate-Build-Point-Favicono-min.jpg","datePublished":"2022-09-30T10:07:29+00:00","dateModified":"2024-07-31T10:51:56+00:00","breadcrumb":{"@id":"https:\/\/realestate.buildpoint.es\/de\/datenschutzbestimmungen\/#breadcrumb"},"inLanguage":"de","potentialAction":[{"@type":"ReadAction","target":["https:\/\/realestate.buildpoint.es\/de\/datenschutzbestimmungen\/"]}]},{"@type":"ImageObject","inLanguage":"de","@id":"https:\/\/realestate.buildpoint.es\/de\/datenschutzbestimmungen\/#primaryimage","url":"https:\/\/realestate.buildpoint.es\/wp-content\/uploads\/2024\/07\/Real-Estate-Build-Point-Favicono-min.jpg","contentUrl":"https:\/\/realestate.buildpoint.es\/wp-content\/uploads\/2024\/07\/Real-Estate-Build-Point-Favicono-min.jpg","width":800,"height":800},{"@type":"BreadcrumbList","@id":"https:\/\/realestate.buildpoint.es\/de\/datenschutzbestimmungen\/#breadcrumb","itemListElement":[{"@type":"ListItem","position":1,"name":"Portada","item":"https:\/\/realestate.buildpoint.es\/de\/inicio\/"},{"@type":"ListItem","position":2,"name":"Datenschutzbestimmungen"}]},{"@type":"WebSite","@id":"https:\/\/realestate.buildpoint.es\/de\/#website","url":"https:\/\/realestate.buildpoint.es\/de\/","name":"Grupo Build Point -Real Estate","description":"Grupo Build Point widmet sich der Entwicklung des Immobiliensektors in Spanien und bietet umfassende Dienstleistungen in Design, Bau sowie rechtliche und finanzielle Beratung zur Schaffung und zum Verkauf von hochwertigen Immobilien.","publisher":{"@id":"https:\/\/realestate.buildpoint.es\/de\/#organization"},"alternateName":"Build Point","potentialAction":[{"@type":"SearchAction","target":{"@type":"EntryPoint","urlTemplate":"https:\/\/realestate.buildpoint.es\/de\/?s={search_term_string}"},"query-input":"required name=search_term_string"}],"inLanguage":"de"},{"@type":"Organization","@id":"https:\/\/realestate.buildpoint.es\/de\/#organization","name":"Grupo Build Point","alternateName":"Build Point","url":"https:\/\/realestate.buildpoint.es\/de\/","logo":{"@type":"ImageObject","inLanguage":"de","@id":"https:\/\/realestate.buildpoint.es\/de\/#\/schema\/logo\/image\/","url":"https:\/\/realestate.buildpoint.es\/wp-content\/uploads\/2024\/07\/Build-Point-696x696-min-scaled.jpg","contentUrl":"https:\/\/realestate.buildpoint.es\/wp-content\/uploads\/2024\/07\/Build-Point-696x696-min-scaled.jpg","width":2560,"height":2560,"caption":"Grupo Build Point"},"image":{"@id":"https:\/\/realestate.buildpoint.es\/de\/#\/schema\/logo\/image\/"}}]}},"_links":{"self":[{"href":"https:\/\/realestate.buildpoint.es\/de\/wp-json\/wp\/v2\/pages\/95918"}],"collection":[{"href":"https:\/\/realestate.buildpoint.es\/de\/wp-json\/wp\/v2\/pages"}],"about":[{"href":"https:\/\/realestate.buildpoint.es\/de\/wp-json\/wp\/v2\/types\/page"}],"author":[{"embeddable":true,"href":"https:\/\/realestate.buildpoint.es\/de\/wp-json\/wp\/v2\/users\/1"}],"replies":[{"embeddable":true,"href":"https:\/\/realestate.buildpoint.es\/de\/wp-json\/wp\/v2\/comments?post=95918"}],"version-history":[{"count":5,"href":"https:\/\/realestate.buildpoint.es\/de\/wp-json\/wp\/v2\/pages\/95918\/revisions"}],"predecessor-version":[{"id":135718,"href":"https:\/\/realestate.buildpoint.es\/de\/wp-json\/wp\/v2\/pages\/95918\/revisions\/135718"}],"wp:featuredmedia":[{"embeddable":true,"href":"https:\/\/realestate.buildpoint.es\/de\/wp-json\/wp\/v2\/media\/135691"}],"wp:attachment":[{"href":"https:\/\/realestate.buildpoint.es\/de\/wp-json\/wp\/v2\/media?parent=95918"}],"curies":[{"name":"wp","href":"https:\/\/api.w.org\/{rel}","templated":true}]}}